{"id":568,"date":"2019-11-19T18:32:33","date_gmt":"2019-11-19T17:32:33","guid":{"rendered":"http:\/\/tunadeperitos.com\/?page_id=568"},"modified":"2024-08-31T15:49:04","modified_gmt":"2024-08-31T15:49:04","slug":"nuestros-hermanos","status":"publish","type":"page","link":"https:\/\/tunadeperitos.com\/index.php\/nuestros-hermanos\/","title":{"rendered":"Nuestros hermanos"},"content":{"rendered":"\t\t<div data-elementor-type=\"wp-page\" data-elementor-id=\"568\" class=\"elementor elementor-568\">\n\t\t\t\t\t\t<section class=\"elementor-section elementor-top-section elementor-element elementor-element-150f213d elementor-section-height-full elementor-section-stretched elementor-section-full_width elementor-section-height-default elementor-section-items-middle\" data-id=\"150f213d\" data-element_type=\"section\" data-settings=\"{&quot;background_background&quot;:&quot;classic&quot;,&quot;stretch_section&quot;:&quot;section-stretched&quot;}\">\n\t\t\t\t\t\t\t<div class=\"elementor-background-overlay\"><\/div>\n\t\t\t\t\t\t\t<div class=\"elementor-container elementor-column-gap-default\">\n\t\t\t\t\t<div class=\"elementor-column elementor-col-100 elementor-top-column elementor-element elementor-element-650d9ac8\" data-id=\"650d9ac8\" data-element_type=\"column\" data-settings=\"{&quot;background_background&quot;:&quot;slideshow&quot;,&quot;background_slideshow_gallery&quot;:[],&quot;background_slideshow_loop&quot;:&quot;yes&quot;,&quot;background_slideshow_slide_duration&quot;:5000,&quot;background_slideshow_slide_transition&quot;:&quot;fade&quot;,&quot;background_slideshow_transition_duration&quot;:500}\">\n\t\t\t<div class=\"elementor-widget-wrap elementor-element-populated\">\n\t\t\t\t\t\t<div class=\"elementor-element elementor-element-7ffbc1cb elementor-widget elementor-widget-heading\" data-id=\"7ffbc1cb\" data-element_type=\"widget\" data-widget_type=\"heading.default\">\n\t\t\t\t<div class=\"elementor-widget-container\">\n\t\t\t\t\t<h2 class=\"elementor-heading-title elementor-size-default\">Nuestro hermanos<\/h2>\t\t\t\t<\/div>\n\t\t\t\t<\/div>\n\t\t\t\t<div class=\"elementor-element elementor-element-310013a3 elementor-widget elementor-widget-heading\" data-id=\"310013a3\" data-element_type=\"widget\" data-widget_type=\"heading.default\">\n\t\t\t\t<div class=\"elementor-widget-container\">\n\t\t\t\t\t<h2 class=\"elementor-heading-title elementor-size-default\">tuna de distrito de la unam<\/h2>\t\t\t\t<\/div>\n\t\t\t\t<\/div>\n\t\t\t\t\t<\/div>\n\t\t<\/div>\n\t\t\t\t\t<\/div>\n\t\t<\/section>\n\t\t\t\t<section class=\"elementor-section elementor-top-section elementor-element elementor-element-55c05b1c elementor-section-boxed elementor-section-height-default elementor-section-height-default\" data-id=\"55c05b1c\" data-element_type=\"section\" id=\"goal\" data-settings=\"{&quot;background_background&quot;:&quot;classic&quot;}\">\n\t\t\t\t\t\t\t<div class=\"elementor-background-overlay\"><\/div>\n\t\t\t\t\t\t\t<div class=\"elementor-container elementor-column-gap-no\">\n\t\t\t\t\t<div class=\"elementor-column elementor-col-100 elementor-top-column elementor-element elementor-element-4b6fcab\" data-id=\"4b6fcab\" data-element_type=\"column\">\n\t\t\t<div class=\"elementor-widget-wrap elementor-element-populated\">\n\t\t\t\t\t\t<div class=\"elementor-element elementor-element-1f479e24 elementor-widget elementor-widget-heading\" data-id=\"1f479e24\" data-element_type=\"widget\" data-widget_type=\"heading.default\">\n\t\t\t\t<div class=\"elementor-widget-container\">\n\t\t\t\t\t<h2 class=\"elementor-heading-title elementor-size-xl\">Saltando el charco desde 1994<\/h2>\t\t\t\t<\/div>\n\t\t\t\t<\/div>\n\t\t\t\t<div class=\"elementor-element elementor-element-6d42106 elementor-widget elementor-widget-text-editor\" data-id=\"6d42106\" data-element_type=\"widget\" data-widget_type=\"text-editor.default\">\n\t\t\t\t<div class=\"elementor-widget-container\">\n\t\t\t\t\t\t\t\t\t<p style=\"text-align: center;\">Una Tuna en dos continentes<\/p>\t\t\t\t\t\t\t\t<\/div>\n\t\t\t\t<\/div>\n\t\t\t\t<section class=\"elementor-section elementor-inner-section elementor-element elementor-element-8b96c10 elementor-section-boxed elementor-section-height-default elementor-section-height-default\" data-id=\"8b96c10\" data-element_type=\"section\">\n\t\t\t\t\t\t<div class=\"elementor-container elementor-column-gap-default\">\n\t\t\t\t\t<div class=\"elementor-column elementor-col-50 elementor-inner-column elementor-element elementor-element-5b037eb\" data-id=\"5b037eb\" data-element_type=\"column\">\n\t\t\t<div class=\"elementor-widget-wrap elementor-element-populated\">\n\t\t\t\t\t\t<div class=\"elementor-element elementor-element-4e557ac elementor-widget elementor-widget-image\" data-id=\"4e557ac\" data-element_type=\"widget\" data-widget_type=\"image.default\">\n\t\t\t\t<div class=\"elementor-widget-container\">\n\t\t\t\t\t\t\t\t\t\t\t\t\t\t\t<img fetchpriority=\"high\" decoding=\"async\" width=\"300\" height=\"300\" src=\"https:\/\/tunadeperitos.com\/wp-content\/uploads\/2024\/08\/UNAM-Antigua-ladeado-300x300-1.png\" class=\"attachment-large size-large wp-image-1646\" alt=\"\" srcset=\"https:\/\/tunadeperitos.com\/wp-content\/uploads\/2024\/08\/UNAM-Antigua-ladeado-300x300-1.png 300w, https:\/\/tunadeperitos.com\/wp-content\/uploads\/2024\/08\/UNAM-Antigua-ladeado-300x300-1-150x150.png 150w\" sizes=\"(max-width: 300px) 100vw, 300px\" \/>\t\t\t\t\t\t\t\t\t\t\t\t\t\t\t<\/div>\n\t\t\t\t<\/div>\n\t\t\t\t\t<\/div>\n\t\t<\/div>\n\t\t\t\t<div class=\"elementor-column elementor-col-50 elementor-inner-column elementor-element elementor-element-265482c\" data-id=\"265482c\" data-element_type=\"column\">\n\t\t\t<div class=\"elementor-widget-wrap elementor-element-populated\">\n\t\t\t\t\t\t<div class=\"elementor-element elementor-element-07aa4b0 elementor-widget elementor-widget-heading\" data-id=\"07aa4b0\" data-element_type=\"widget\" data-widget_type=\"heading.default\">\n\t\t\t\t<div class=\"elementor-widget-container\">\n\t\t\t\t\t<h2 class=\"elementor-heading-title elementor-size-default\">Historia de una hermandad (Escrita por ellos)<\/h2>\t\t\t\t<\/div>\n\t\t\t\t<\/div>\n\t\t\t\t<div class=\"elementor-element elementor-element-f8f6bbb elementor-widget elementor-widget-text-editor\" data-id=\"f8f6bbb\" data-element_type=\"widget\" data-widget_type=\"text-editor.default\">\n\t\t\t\t<div class=\"elementor-widget-container\">\n\t\t\t\t\t\t\t\t\t<p class=\"p3\">Fueron dos pares de Tunos los que nos conocimos en Agosto de 1994. Por Ja\u00e9n;<span class=\"Apple-converted-space\">&nbsp;&nbsp;<\/span>Sans\u00f3n y Goliat; Y por Distrito de la U.N.A.M. El Chamuco y el Tock, fue en un supermercado de Lima, Per\u00fa, donde los hambrientos gigantes de Ja\u00e9n buscaban, al igual que los mexicanos,&nbsp; algo para llenar el buche, ya que la comida que daba la organizaci\u00f3n no era ni mucho menos suficiente. Compramos queso, pan y jam\u00f3n y&nbsp;mir\u00e1ndonos los unos a los otros, nos pregunt\u00e1bamos al mismo tiempo<span class=\"Apple-converted-space\">&nbsp;:&nbsp;<\/span>Ustedes no son de aqu\u00ed, \u00bfverdad? Ambos, con sonoras carcajadas, negamos al un\u00edsono. Una Tuna espa\u00f1ola y una Tuna Mexicana coincid\u00edan&nbsp;en un Certamen peruano.<\/p>\n<p class=\"p3\">De ah\u00ed nos despedimos y tomamos rumbos distintos , pero llegamos al mismo<span class=\"Apple-converted-space\">&nbsp;&nbsp;<\/span>sitio que era la sede del Certamen de Huanpani. Ya en pleno evento y vestidos de tuno<span class=\"Apple-converted-space\">&nbsp;<\/span>coincidimos en los distintos foros de la programaci\u00f3n, pero sobre todo coincidimos en nuestro gusto por el Pampero y la Plisen, que era una excelente&nbsp;cerveza peruana<span class=\"Apple-converted-space\">&nbsp;,&nbsp;<\/span>adem\u00e1s por un tremendo ron Antillano,<span class=\"Apple-converted-space\">&nbsp;<\/span>a muy buen costo<span class=\"Apple-converted-space\">&nbsp;por cierto,&nbsp;<\/span>lo cual nos acerco aun mas.<\/p>\t\t\t\t\t\t\t\t<\/div>\n\t\t\t\t<\/div>\n\t\t\t\t\t<\/div>\n\t\t<\/div>\n\t\t\t\t\t<\/div>\n\t\t<\/section>\n\t\t\t\t<section class=\"elementor-section elementor-inner-section elementor-element elementor-element-254575f elementor-section-boxed elementor-section-height-default elementor-section-height-default\" data-id=\"254575f\" data-element_type=\"section\">\n\t\t\t\t\t\t<div class=\"elementor-container elementor-column-gap-default\">\n\t\t\t\t\t<div class=\"elementor-column elementor-col-50 elementor-inner-column elementor-element elementor-element-ce1f724\" data-id=\"ce1f724\" data-element_type=\"column\">\n\t\t\t<div class=\"elementor-widget-wrap elementor-element-populated\">\n\t\t\t\t\t\t<div class=\"elementor-element elementor-element-598d8a3 elementor-widget elementor-widget-text-editor\" data-id=\"598d8a3\" data-element_type=\"widget\" data-widget_type=\"text-editor.default\">\n\t\t\t\t<div class=\"elementor-widget-container\">\n\t\t\t\t\t\t\t\t\t<p class=\"p3\">Ah\u00ed comenz\u00f3 la magia , lo primero que aprendimos de Ja\u00e9n<span class=\"Apple-converted-space\">\u00a0\u00a0<\/span>es a decir \u201cNi Pollas\u201d<span class=\"Apple-converted-space\">\u00a0\u00a0<\/span>y ellos de nosotros a decir \u201c Que chinge a su Madre\u201d, aprendimos que \u201cestar de puta madre\u201d era totalmente contrario a lo que en M\u00e9xico significa\u00a0 \u00abla pasamos tal de puta Madre\u201d y las clases de ling\u00fc\u00edstica terminaron con la expresi\u00f3n \u201cQue bueno que vinieron\u201d y\u201d chingue a su madre el \u00faltimo\u201d&#8230; En fin,\u00a0 fue un maravilloso encuentro el de 1994<span class=\"Apple-converted-space\">\u00a0,\u00a0<\/span>ah\u00ed estuvieron adem\u00e1s Ewok, Pinocho, Garras, Tok, Chamuco y el pardillo Babys. Fue ah\u00ed, en el Per\u00fa, donde nuestras Tunas se enamoraron<span class=\"Apple-converted-space\">\u00a0convirti\u00e9ndose en hermanos<\/span>\u00a0disfrutando de los unos de los otros a trav\u00e9s de la m\u00fasica, la jarana y la buena compa\u00f1\u00eda.<\/p><p class=\"p3\">Los \u00e9xitos de la Tuna de Ja\u00e9n\u00a0 fueron: Dos Palomitas, Solo, As\u00ed es mi Granada ,La verbena de la Paloma y el Inolvidable Austriaco Feliz.<\/p><p class=\"p3\">Y por la Tuna de distrito\u00a0 fueron: La Malague\u00f1a, De que Manera te Olvido y Volver Volver<\/p><p class=\"p3\">La Beca que intercambiamos Peritos de Ja\u00e9n y Distrito de la UNAM no es Producto de una borrachera , somos tunos de Peritos y de Distrito porque nos ganamos las becas con mucho amor, cari\u00f1o y respeto y solo eso se gana , nunca se regala.<\/p><p class=\"p3\">La generaci\u00f3n de Peritos fue : El Nomo, Pelos, Manolito, Pumuky, Rosa de Cuba, Chato, Filobobo, Coletas, Jordi, Alicates, Hapy, Sanson, Goliat, Microbio, Pollo y mil perdones por quien se escape de mi memoria.<\/p><p class=\"p3\">\u201cNo podemos morir ninguno sin antes volver a beber juntos en Garibaldi y comernos un pan con Pisto una madrugada en Jaen\u201d.<\/p><p class=\"p3\">Juramento que hicieron en 1994, y tendr\u00e1n que cumplir, el Pelos, Nomo y Chamuco.<\/p>\t\t\t\t\t\t\t\t<\/div>\n\t\t\t\t<\/div>\n\t\t\t\t\t<\/div>\n\t\t<\/div>\n\t\t\t\t<div class=\"elementor-column elementor-col-50 elementor-inner-column elementor-element elementor-element-e817400\" data-id=\"e817400\" data-element_type=\"column\">\n\t\t\t<div class=\"elementor-widget-wrap elementor-element-populated\">\n\t\t\t\t\t\t<div class=\"elementor-element elementor-element-d8d5f80 elementor-widget elementor-widget-image\" data-id=\"d8d5f80\" data-element_type=\"widget\" data-widget_type=\"image.default\">\n\t\t\t\t<div class=\"elementor-widget-container\">\n\t\t\t\t\t\t\t\t\t\t\t\t\t\t\t<img decoding=\"async\" width=\"300\" height=\"225\" src=\"https:\/\/tunadeperitos.com\/wp-content\/uploads\/2024\/08\/peritos-Unam-2019-300x225-1.jpg\" class=\"attachment-1536x1536 size-1536x1536 wp-image-1588\" alt=\"\" \/>\t\t\t\t\t\t\t\t\t\t\t\t\t\t\t<\/div>\n\t\t\t\t<\/div>\n\t\t\t\t\t<\/div>\n\t\t<\/div>\n\t\t\t\t\t<\/div>\n\t\t<\/section>\n\t\t\t\t\t<\/div>\n\t\t<\/div>\n\t\t\t\t\t<\/div>\n\t\t<\/section>\n\t\t\t\t<section class=\"elementor-section elementor-top-section elementor-element elementor-element-c7bf2e1 elementor-section-boxed elementor-section-height-default elementor-section-height-default\" data-id=\"c7bf2e1\" data-element_type=\"section\">\n\t\t\t\t\t\t<div class=\"elementor-container elementor-column-gap-default\">\n\t\t\t\t\t<div class=\"elementor-column elementor-col-100 elementor-top-column elementor-element elementor-element-7c08bc6\" data-id=\"7c08bc6\" data-element_type=\"column\">\n\t\t\t<div class=\"elementor-widget-wrap elementor-element-populated\">\n\t\t\t\t\t\t<div class=\"elementor-element elementor-element-1314b71 elementor-widget elementor-widget-heading\" data-id=\"1314b71\" data-element_type=\"widget\" data-widget_type=\"heading.default\">\n\t\t\t\t<div class=\"elementor-widget-container\">\n\t\t\t\t\t<h2 class=\"elementor-heading-title elementor-size-default\">Su historia<\/h2>\t\t\t\t<\/div>\n\t\t\t\t<\/div>\n\t\t\t\t<div class=\"elementor-element elementor-element-2ee1ed2 elementor-widget elementor-widget-text-editor\" data-id=\"2ee1ed2\" data-element_type=\"widget\" data-widget_type=\"text-editor.default\">\n\t\t\t\t<div class=\"elementor-widget-container\">\n\t\t\t\t\t\t\t\t\t<div class=\"siteorigin-widget-tinymce textwidget\"><p>Resguard\u00e1ndose en la tradici\u00f3n tunantesca espa\u00f1ola, la\u00a0<strong><a href=\"http:\/\/tudunam.mx\/\">Tuna Universitaria de Distrito de la Universidad Nacional Aut\u00f3noma de M\u00e9xico<\/a><\/strong>\u00a0(TUDUNAM) nace el 31 de mayo de 1986 por la uni\u00f3n de un grupo de estudiantes y egresados de la UNAM y otras universidades, pertenecientes a diversas facultades y carreras, cuya concurrencia se forj\u00f3 en su amor a correr la Tuna.<\/p><\/div><div class=\"siteorigin-widget-tinymce textwidget\"><p>Desde su creaci\u00f3n, la TUDUNAM se ha caracterizado por su gran calidad musical y por su preocupaci\u00f3n por seguir los preceptos que demanda la tradici\u00f3n tunantesca, ganando el respeto y la amistad de otras tunas tanto nacionales como extranjeras; representando a la Universidad en diversos escenarios de gran importancia en M\u00e9xico y el mundo. Viajera en su misi\u00f3n de acercamiento, esta Tuna ha realizado giras por diversas ciudades de nuestra rep\u00fablica y aun llevando su m\u00fasica m\u00e1s all\u00e1 de nuestras fronteras, a pa\u00edses europeos y sudamericanos, vali\u00e9ndose del reconocimiento de grandes personalidades del \u00e1mbito pol\u00edtico, social y cultural.<\/p><p>El correr de la tuna lleva consigo la enorme responsabilidad de mostrar, en todo momento, el nivel cultural de los universitarios; rubro en el que la TUDUNAM no es la excepci\u00f3n, al concurrir en sus integrantes las distintas carreras, desde ingenier\u00eda hasta filosof\u00eda, y as\u00ed amalgamar con base en la m\u00fasica, alegr\u00eda, creatividad, seriedad (m\u00e1s nunca solemnidad), galanter\u00eda y picard\u00eda, sus conocimientos para demostrar el nivel universitario de nuestra M\u00e1xima Casa de Estudios.<\/p><p>Estas, entre muchas otras actividades, avalan la trayectoria y el buen nombre de nuestra Tuna, a sus XXX a\u00f1os de historia, en su menester de conservar y difundir las ancestrales tradiciones del Buen Tunar; dejando sello de la gallard\u00eda y el temple que la han caracterizado y del que contin\u00faa haciendo gala.<\/p><\/div>\t\t\t\t\t\t\t\t<\/div>\n\t\t\t\t<\/div>\n\t\t\t\t\t<\/div>\n\t\t<\/div>\n\t\t\t\t\t<\/div>\n\t\t<\/section>\n\t\t\t\t<section class=\"elementor-section elementor-top-section elementor-element elementor-element-8df83ab elementor-section-full_width elementor-section-stretched elementor-section-height-default elementor-section-height-default\" data-id=\"8df83ab\" data-element_type=\"section\" data-settings=\"{&quot;background_background&quot;:&quot;classic&quot;,&quot;stretch_section&quot;:&quot;section-stretched&quot;}\">\n\t\t\t\t\t\t\t<div class=\"elementor-background-overlay\"><\/div>\n\t\t\t\t\t\t\t<div class=\"elementor-container elementor-column-gap-default\">\n\t\t\t\t\t<div class=\"elementor-column elementor-col-100 elementor-top-column elementor-element elementor-element-5dd7be1c\" data-id=\"5dd7be1c\" data-element_type=\"column\">\n\t\t\t<div class=\"elementor-widget-wrap elementor-element-populated\">\n\t\t\t\t\t\t<div class=\"elementor-element elementor-element-4233bf6 elementor-widget elementor-widget-heading\" data-id=\"4233bf6\" data-element_type=\"widget\" data-widget_type=\"heading.default\">\n\t\t\t\t<div class=\"elementor-widget-container\">\n\t\t\t\t\t<h2 class=\"elementor-heading-title elementor-size-xl\">Microhistoria<\/h2>\t\t\t\t<\/div>\n\t\t\t\t<\/div>\n\t\t\t\t<div class=\"elementor-element elementor-element-535a6206 elementor-widget elementor-widget-testimonial\" data-id=\"535a6206\" data-element_type=\"widget\" data-widget_type=\"testimonial.default\">\n\t\t\t\t<div class=\"elementor-widget-container\">\n\t\t\t\t\t\t\t<div class=\"elementor-testimonial-wrapper\">\n\t\t\t\t\t\t\t<div class=\"elementor-testimonial-content\">Noooooo le pegue mas al perro!!!!\n<p> (dicho popular mexicano)<\/div>\n\t\t\t\n\t\t\t\t\t\t<div class=\"elementor-testimonial-meta elementor-has-image elementor-testimonial-image-position-top\">\n\t\t\t\t<div class=\"elementor-testimonial-meta-inner\">\n\t\t\t\t\t\t\t\t\t\t\t<div class=\"elementor-testimonial-image\">\n\t\t\t\t\t\t\t<img decoding=\"async\" width=\"150\" height=\"150\" src=\"https:\/\/tunadeperitos.com\/wp-content\/uploads\/2024\/08\/Jordan-150x150-1.jpg\" class=\"attachment-full size-full wp-image-1344\" alt=\"\" \/>\t\t\t\t\t\t<\/div>\n\t\t\t\t\t\n\t\t\t\t\t\t\t\t\t\t<div class=\"elementor-testimonial-details\">\n\t\t\t\t\t\t\t\t\t\t\t\t\t\t<div class=\"elementor-testimonial-name\">Jordan<\/div>\n\t\t\t\t\t\t\t\t\t\t\t\t\t\t\t\t\t\t\t\t\t\t<div class=\"elementor-testimonial-job\">Bandurria<\/div>\n\t\t\t\t\t\t\t\t\t\t\t\t\t<\/div>\n\t\t\t\t\t\t\t\t\t<\/div>\n\t\t\t<\/div>\n\t\t\t\t\t<\/div>\n\t\t\t\t\t\t<\/div>\n\t\t\t\t<\/div>\n\t\t\t\t\t<\/div>\n\t\t<\/div>\n\t\t\t\t\t<\/div>\n\t\t<\/section>\n\t\t\t\t<\/div>\n\t\t","protected":false},"excerpt":{"rendered":"<p>Nuestro hermanos tuna de distrito de la unam Saltando el charco desde 1994 Una Tuna en dos continentes Historia de una hermandad (Escrita por ellos) Fueron dos pares de Tunos los que nos conocimos en Agosto de 1994. Por Ja\u00e9n;&nbsp;&nbsp;Sans\u00f3n y Goliat; Y por Distrito de la U.N.A.M. El Chamuco y el Tock, fue en [&hellip;]<\/p>\n","protected":false},"author":2,"featured_media":559,"parent":0,"menu_order":0,"comment_status":"closed","ping_status":"closed","template":"elementor_header_footer","meta":{"ocean_post_layout":"","ocean_both_sidebars_style":"","ocean_both_sidebars_content_width":0,"ocean_both_sidebars_sidebars_width":0,"ocean_sidebar":"0","ocean_second_sidebar":"0","ocean_disable_margins":"enable","ocean_add_body_class":"","ocean_shortcode_before_top_bar":"","ocean_shortcode_after_top_bar":"","ocean_shortcode_before_header":"","ocean_shortcode_after_header":"","ocean_has_shortcode":"","ocean_shortcode_after_title":"","ocean_shortcode_before_footer_widgets":"","ocean_shortcode_after_footer_widgets":"","ocean_shortcode_before_footer_bottom":"","ocean_shortcode_after_footer_bottom":"","ocean_display_top_bar":"on","ocean_display_header":"on","ocean_header_style":"","ocean_center_header_left_menu":"0","ocean_custom_header_template":"0","ocean_custom_logo":0,"ocean_custom_retina_logo":0,"ocean_custom_logo_max_width":0,"ocean_custom_logo_tablet_max_width":0,"ocean_custom_logo_mobile_max_width":0,"ocean_custom_logo_max_height":0,"ocean_custom_logo_tablet_max_height":0,"ocean_custom_logo_mobile_max_height":0,"ocean_header_custom_menu":"5","ocean_menu_typo_font_family":"0","ocean_menu_typo_font_subset":"","ocean_menu_typo_font_size":0,"ocean_menu_typo_font_size_tablet":0,"ocean_menu_typo_font_size_mobile":0,"ocean_menu_typo_font_size_unit":"px","ocean_menu_typo_font_weight":"","ocean_menu_typo_font_weight_tablet":"","ocean_menu_typo_font_weight_mobile":"","ocean_menu_typo_transform":"","ocean_menu_typo_transform_tablet":"","ocean_menu_typo_transform_mobile":"","ocean_menu_typo_line_height":0,"ocean_menu_typo_line_height_tablet":0,"ocean_menu_typo_line_height_mobile":0,"ocean_menu_typo_line_height_unit":"","ocean_menu_typo_spacing":0,"ocean_menu_typo_spacing_tablet":0,"ocean_menu_typo_spacing_mobile":0,"ocean_menu_typo_spacing_unit":"","ocean_menu_link_color":"","ocean_menu_link_color_hover":"","ocean_menu_link_color_active":"","ocean_menu_link_background":"","ocean_menu_link_hover_background":"","ocean_menu_link_active_background":"","ocean_menu_social_links_bg":"","ocean_menu_social_hover_links_bg":"","ocean_menu_social_links_color":"","ocean_menu_social_hover_links_color":"","ocean_disable_title":"on","ocean_disable_heading":"default","ocean_post_title":"","ocean_post_subheading":"","ocean_post_title_style":"","ocean_post_title_background_color":"","ocean_post_title_background":0,"ocean_post_title_bg_image_position":"","ocean_post_title_bg_image_attachment":"","ocean_post_title_bg_image_repeat":"","ocean_post_title_bg_image_size":"","ocean_post_title_height":0,"ocean_post_title_bg_overlay":0.5,"ocean_post_title_bg_overlay_color":"","ocean_disable_breadcrumbs":"default","ocean_breadcrumbs_color":"","ocean_breadcrumbs_separator_color":"","ocean_breadcrumbs_links_color":"","ocean_breadcrumbs_links_hover_color":"","ocean_display_footer_widgets":"default","ocean_display_footer_bottom":"default","ocean_custom_footer_template":"0","footnotes":""},"class_list":["post-568","page","type-page","status-publish","has-post-thumbnail","hentry","entry","has-media"],"_links":{"self":[{"href":"https:\/\/tunadeperitos.com\/index.php\/wp-json\/wp\/v2\/pages\/568","targetHints":{"allow":["GET"]}}],"collection":[{"href":"https:\/\/tunadeperitos.com\/index.php\/wp-json\/wp\/v2\/pages"}],"about":[{"href":"https:\/\/tunadeperitos.com\/index.php\/wp-json\/wp\/v2\/types\/page"}],"author":[{"embeddable":true,"href":"https:\/\/tunadeperitos.com\/index.php\/wp-json\/wp\/v2\/users\/2"}],"replies":[{"embeddable":true,"href":"https:\/\/tunadeperitos.com\/index.php\/wp-json\/wp\/v2\/comments?post=568"}],"version-history":[{"count":3,"href":"https:\/\/tunadeperitos.com\/index.php\/wp-json\/wp\/v2\/pages\/568\/revisions"}],"predecessor-version":[{"id":1867,"href":"https:\/\/tunadeperitos.com\/index.php\/wp-json\/wp\/v2\/pages\/568\/revisions\/1867"}],"wp:featuredmedia":[{"embeddable":true,"href":"https:\/\/tunadeperitos.com\/index.php\/wp-json\/"}],"wp:attachment":[{"href":"https:\/\/tunadeperitos.com\/index.php\/wp-json\/wp\/v2\/media?parent=568"}],"curies":[{"name":"wp","href":"https:\/\/api.w.org\/{rel}","templated":true}]}}