{"id":992,"date":"2023-02-20T07:55:01","date_gmt":"2023-02-20T06:55:01","guid":{"rendered":"https:\/\/tunadeperitos.com\/?page_id=992"},"modified":"2024-08-31T15:52:48","modified_gmt":"2024-08-31T15:52:48","slug":"mas-que-vecinos","status":"publish","type":"page","link":"https:\/\/tunadeperitos.com\/index.php\/mas-que-vecinos\/","title":{"rendered":"Mas que vecinos"},"content":{"rendered":"\t\t<div data-elementor-type=\"wp-page\" data-elementor-id=\"992\" class=\"elementor elementor-992\">\n\t\t\t\t\t\t<section class=\"elementor-section elementor-top-section elementor-element elementor-element-f747450 elementor-section-height-full elementor-section-stretched elementor-section-full_width elementor-section-height-default elementor-section-items-middle\" data-id=\"f747450\" data-element_type=\"section\" data-settings=\"{&quot;background_background&quot;:&quot;classic&quot;,&quot;stretch_section&quot;:&quot;section-stretched&quot;}\">\n\t\t\t\t\t\t\t<div class=\"elementor-background-overlay\"><\/div>\n\t\t\t\t\t\t\t<div class=\"elementor-container elementor-column-gap-default\">\n\t\t\t\t\t<div class=\"elementor-column elementor-col-100 elementor-top-column elementor-element elementor-element-d3f4ee6\" data-id=\"d3f4ee6\" data-element_type=\"column\" data-settings=\"{&quot;background_background&quot;:&quot;slideshow&quot;,&quot;background_slideshow_gallery&quot;:[],&quot;background_slideshow_loop&quot;:&quot;yes&quot;,&quot;background_slideshow_slide_duration&quot;:5000,&quot;background_slideshow_slide_transition&quot;:&quot;fade&quot;,&quot;background_slideshow_transition_duration&quot;:500}\">\n\t\t\t<div class=\"elementor-widget-wrap elementor-element-populated\">\n\t\t\t\t\t\t<div class=\"elementor-element elementor-element-b3748b2 elementor-widget elementor-widget-heading\" data-id=\"b3748b2\" data-element_type=\"widget\" data-widget_type=\"heading.default\">\n\t\t\t\t<div class=\"elementor-widget-container\">\n\t\t\t\t\t<h2 class=\"elementor-heading-title elementor-size-default\">mas que vecinos<\/h2>\t\t\t\t<\/div>\n\t\t\t\t<\/div>\n\t\t\t\t<div class=\"elementor-element elementor-element-b07923a elementor-widget elementor-widget-heading\" data-id=\"b07923a\" data-element_type=\"widget\" data-widget_type=\"heading.default\">\n\t\t\t\t<div class=\"elementor-widget-container\">\n\t\t\t\t\t<h2 class=\"elementor-heading-title elementor-size-default\">tuna de medicina de Murcia<\/h2>\t\t\t\t<\/div>\n\t\t\t\t<\/div>\n\t\t\t\t\t<\/div>\n\t\t<\/div>\n\t\t\t\t\t<\/div>\n\t\t<\/section>\n\t\t\t\t<section class=\"elementor-section elementor-top-section elementor-element elementor-element-9dbd868 elementor-section-boxed elementor-section-height-default elementor-section-height-default\" data-id=\"9dbd868\" data-element_type=\"section\" data-settings=\"{&quot;background_background&quot;:&quot;classic&quot;}\">\n\t\t\t\t\t\t\t<div class=\"elementor-background-overlay\"><\/div>\n\t\t\t\t\t\t\t<div class=\"elementor-container elementor-column-gap-no\">\n\t\t\t\t\t<div class=\"elementor-column elementor-col-100 elementor-top-column elementor-element elementor-element-09b9448\" data-id=\"09b9448\" data-element_type=\"column\">\n\t\t\t<div class=\"elementor-widget-wrap elementor-element-populated\">\n\t\t\t\t\t\t<div class=\"elementor-element elementor-element-464967a elementor-widget elementor-widget-heading\" data-id=\"464967a\" data-element_type=\"widget\" data-widget_type=\"heading.default\">\n\t\t\t\t<div class=\"elementor-widget-container\">\n\t\t\t\t\t<h2 class=\"elementor-heading-title elementor-size-xl\">Compartiendo momentos desde 1996<\/h2>\t\t\t\t<\/div>\n\t\t\t\t<\/div>\n\t\t\t\t<div class=\"elementor-element elementor-element-e8c1774 elementor-widget elementor-widget-text-editor\" data-id=\"e8c1774\" data-element_type=\"widget\" data-widget_type=\"text-editor.default\">\n\t\t\t\t<div class=\"elementor-widget-container\">\n\t\t\t\t\t\t\t\t\t<p style=\"text-align: center;\">M\u00e1s que vecinos, amigos.<\/p>\t\t\t\t\t\t\t\t<\/div>\n\t\t\t\t<\/div>\n\t\t\t\t<section class=\"elementor-section elementor-inner-section elementor-element elementor-element-98f5d06 elementor-section-boxed elementor-section-height-default elementor-section-height-default\" data-id=\"98f5d06\" data-element_type=\"section\">\n\t\t\t\t\t\t<div class=\"elementor-container elementor-column-gap-default\">\n\t\t\t\t\t<div class=\"elementor-column elementor-col-50 elementor-inner-column elementor-element elementor-element-182c86d\" data-id=\"182c86d\" data-element_type=\"column\">\n\t\t\t<div class=\"elementor-widget-wrap elementor-element-populated\">\n\t\t\t\t\t\t<div class=\"elementor-element elementor-element-54f03da elementor-widget elementor-widget-image\" data-id=\"54f03da\" data-element_type=\"widget\" data-widget_type=\"image.default\">\n\t\t\t\t<div class=\"elementor-widget-container\">\n\t\t\t\t\t\t\t\t\t\t\t\t\t\t\t<img fetchpriority=\"high\" decoding=\"async\" width=\"1000\" height=\"1000\" src=\"https:\/\/tunadeperitos.com\/wp-content\/uploads\/2024\/08\/330755848_1339373760185859_8802219869671000291_n.jpg\" class=\"attachment-large size-large wp-image-1119\" alt=\"\" srcset=\"https:\/\/tunadeperitos.com\/wp-content\/uploads\/2024\/08\/330755848_1339373760185859_8802219869671000291_n.jpg 1000w, https:\/\/tunadeperitos.com\/wp-content\/uploads\/2024\/08\/330755848_1339373760185859_8802219869671000291_n-300x300.jpg 300w, https:\/\/tunadeperitos.com\/wp-content\/uploads\/2024\/08\/330755848_1339373760185859_8802219869671000291_n-150x150.jpg 150w, https:\/\/tunadeperitos.com\/wp-content\/uploads\/2024\/08\/330755848_1339373760185859_8802219869671000291_n-768x768.jpg 768w\" sizes=\"(max-width: 1000px) 100vw, 1000px\" \/>\t\t\t\t\t\t\t\t\t\t\t\t\t\t\t<\/div>\n\t\t\t\t<\/div>\n\t\t\t\t\t<\/div>\n\t\t<\/div>\n\t\t\t\t<div class=\"elementor-column elementor-col-50 elementor-inner-column elementor-element elementor-element-2dada8c\" data-id=\"2dada8c\" data-element_type=\"column\">\n\t\t\t<div class=\"elementor-widget-wrap elementor-element-populated\">\n\t\t\t\t\t\t<div class=\"elementor-element elementor-element-acf7b1a elementor-widget elementor-widget-heading\" data-id=\"acf7b1a\" data-element_type=\"widget\" data-widget_type=\"heading.default\">\n\t\t\t\t<div class=\"elementor-widget-container\">\n\t\t\t\t\t<h4 class=\"elementor-heading-title elementor-size-small\">Historia de una hermandad (<i>Por Samy<\/i>)<\/h4>\t\t\t\t<\/div>\n\t\t\t\t<\/div>\n\t\t\t\t<div class=\"elementor-element elementor-element-4a00399 elementor-widget elementor-widget-text-editor\" data-id=\"4a00399\" data-element_type=\"widget\" data-widget_type=\"text-editor.default\">\n\t\t\t\t<div class=\"elementor-widget-container\">\n\t\t\t\t\t\t\t\t\t<p>La uni\u00f3n entre tunas, la amistad y cordialidad entre tunos, aun siendo desconocidos, no es nuevo. No en vano, una de las \u201cmagias\u201d que tienen los tunos es que all\u00e1 donde fueres, si te encuentras con un tuno, a buen seguro podr\u00e1s contar con \u00e9l.<\/p><p>Nuestra amistad con la Tuna de Medicina de Murcia comenz\u00f3 en cierto modo de esta forma, con la gran suerte de que se forjaron v\u00ednculos y lazos tuniles que perduran hasta hoy.<\/p><p>A finales de los 90\u2019s, coincidimos con los tunos murcianos en el II certamen \u00abCiudad de la Alhambra\u00bb de Granada, y fruto de su buen hacer musical y su divertida jovialidad, tuvimos a bien en invitarlos a nuestro certamen de tuna de Ja\u00e9n (<i>donde entre otras, empapelaron medio Ja\u00e9n con pegatinas de su tuna, como la de la izquierda<\/i>), siendo correspondida nuestra tuna con senda invitaci\u00f3n a su ic\u00f3nico certamen de tunas \u00abCosta C\u00e1lida\u00bb de Murcia\u00a0<span style=\"font-family: Dosis; font-size: 15px; font-style: normal; font-variant-ligatures: normal; font-variant-caps: normal; font-weight: 300;\">\u00a0(que ya acumula mas de 30 ediciones).<\/span>\u00a0Ah\u00ed se consolidaron las ra\u00edces, desde luego.<\/p>\t\t\t\t\t\t\t\t<\/div>\n\t\t\t\t<\/div>\n\t\t\t\t\t<\/div>\n\t\t<\/div>\n\t\t\t\t\t<\/div>\n\t\t<\/section>\n\t\t\t\t<section class=\"elementor-section elementor-inner-section elementor-element elementor-element-48dc915 elementor-section-boxed elementor-section-height-default elementor-section-height-default\" data-id=\"48dc915\" data-element_type=\"section\">\n\t\t\t\t\t\t<div class=\"elementor-container elementor-column-gap-default\">\n\t\t\t\t\t<div class=\"elementor-column elementor-col-50 elementor-inner-column elementor-element elementor-element-24885c4\" data-id=\"24885c4\" data-element_type=\"column\">\n\t\t\t<div class=\"elementor-widget-wrap elementor-element-populated\">\n\t\t\t\t\t\t<div class=\"elementor-element elementor-element-bc29e3a elementor-widget elementor-widget-text-editor\" data-id=\"bc29e3a\" data-element_type=\"widget\" data-widget_type=\"text-editor.default\">\n\t\t\t\t<div class=\"elementor-widget-container\">\n\t\t\t\t\t\t\t\t\t<p><span style=\"font-family: Dosis; font-size: 15px; font-style: normal; font-variant-ligatures: normal; font-variant-caps: normal; font-weight: 300;\"><br><\/span><\/p><p><span style=\"font-family: Dosis; font-size: 15px; font-style: normal; font-variant-ligatures: normal; font-variant-caps: normal; font-weight: 300;\">A partir de ah\u00ed, hemos coincidido en numeros\u00edsimas ocasiones y cert\u00e1menes de tunas por toda Espa\u00f1a, sintiendo una gran alegr\u00eda cada vez que nos encontramos, compartiendo cl\u00e1sicas canciones como \u201camorosa guajira\u201d, o como \u201cLa Banda\u201d; un tema que solemos tocar en cualquier buena cantina y que a todos nos saca una sonrisa y nos \u201clate el coraz\u00f3n\u201d como dice la propia canci\u00f3n.<\/span><\/p>\n<p><span style=\"font-family: Dosis; font-size: 15px; font-style: normal; font-variant-ligatures: normal; font-variant-caps: normal; font-weight: 300;\">Detalles y vivencias ha habido cientos. Faltar\u00eda papel, desde luego. A\u00fan recuerdo cuando perd\u00ed en Murcia una cinta de mi capa, y toda la tuna de Medicina se volc\u00f3 y a su vez moviliz\u00f3 a media Murcia aquel domingo hasta encontrarla; \u201cHemos encontrado tu cinta, amigo\u201d. Imposible olvidar gestos como este.<\/span><\/p>\n<p><span style=\"font-family: Dosis; font-size: 15px; font-style: normal; font-variant-ligatures: normal; font-variant-caps: normal; font-weight: 300;\">Por todo ello, y por mucho m\u00e1s, y por todos estos a\u00f1os juntos, este a\u00f1o sellamos y rubricamos esa amistad con este acto de hermanamiento \u201coficial\u201d entre ambas tunas, aunque de todos es conocido que a veces no hace falta rubricar en un escrito un sentimiento como lo es la amistad tunil. Aun as\u00ed, hemos querido poner la guinda a este pastel, compartir un algo m\u00e1s, darle forma, celebrarlo y afianzar m\u00e1s si cabe los lazos que siempre hemos tenido y que a buen seguro cuidar\u00e1n las generaciones venideras de tunos.<\/span><br><span style=\"font-family: Dosis; font-size: 15px; font-style: normal; font-variant-ligatures: normal; font-variant-caps: normal; font-weight: 300;\">Huelga decir que esto, es tuna. Y de paso nos tomamos una cervecita<\/span><\/p>\t\t\t\t\t\t\t\t<\/div>\n\t\t\t\t<\/div>\n\t\t\t\t\t<\/div>\n\t\t<\/div>\n\t\t\t\t<div class=\"elementor-column elementor-col-50 elementor-inner-column elementor-element elementor-element-abca466\" data-id=\"abca466\" data-element_type=\"column\">\n\t\t\t<div class=\"elementor-widget-wrap elementor-element-populated\">\n\t\t\t\t\t\t<div class=\"elementor-element elementor-element-6d04ccf elementor-widget elementor-widget-image\" data-id=\"6d04ccf\" data-element_type=\"widget\" data-widget_type=\"image.default\">\n\t\t\t\t<div class=\"elementor-widget-container\">\n\t\t\t\t\t\t\t\t\t\t\t\t\t\t\t<img decoding=\"async\" src=\"http:\/\/tunadeperitos.com\/wp-content\/uploads\/2023\/02\/WhatsApp-Image-2023-02-20-at-07.59.30.jpeg\" title=\"\" alt=\"\" loading=\"lazy\" \/>\t\t\t\t\t\t\t\t\t\t\t\t\t\t\t<\/div>\n\t\t\t\t<\/div>\n\t\t\t\t<div class=\"elementor-element elementor-element-9551dca elementor-widget elementor-widget-image\" data-id=\"9551dca\" data-element_type=\"widget\" data-widget_type=\"image.default\">\n\t\t\t\t<div class=\"elementor-widget-container\">\n\t\t\t\t\t\t\t\t\t\t\t\t\t\t\t<img decoding=\"async\" src=\"http:\/\/tunadeperitos.com\/wp-content\/uploads\/2023\/02\/tuna_r3_c5new-1.jpg\" title=\"\" alt=\"\" loading=\"lazy\" \/>\t\t\t\t\t\t\t\t\t\t\t\t\t\t\t<\/div>\n\t\t\t\t<\/div>\n\t\t\t\t<div class=\"elementor-element elementor-element-a209c64 elementor-widget elementor-widget-image\" data-id=\"a209c64\" data-element_type=\"widget\" data-widget_type=\"image.default\">\n\t\t\t\t<div class=\"elementor-widget-container\">\n\t\t\t\t\t\t\t\t\t\t\t\t\t\t\t<img decoding=\"async\" width=\"150\" height=\"150\" src=\"https:\/\/tunadeperitos.com\/wp-content\/uploads\/2024\/08\/Tuna-MedMur-150x150-2.png\" class=\"attachment-large size-large wp-image-1208\" alt=\"\" \/>\t\t\t\t\t\t\t\t\t\t\t\t\t\t\t<\/div>\n\t\t\t\t<\/div>\n\t\t\t\t\t<\/div>\n\t\t<\/div>\n\t\t\t\t\t<\/div>\n\t\t<\/section>\n\t\t\t\t\t<\/div>\n\t\t<\/div>\n\t\t\t\t\t<\/div>\n\t\t<\/section>\n\t\t\t\t<section class=\"elementor-section elementor-top-section elementor-element elementor-element-34307d5 elementor-section-boxed elementor-section-height-default elementor-section-height-default\" data-id=\"34307d5\" data-element_type=\"section\">\n\t\t\t\t\t\t\t<div class=\"elementor-background-overlay\"><\/div>\n\t\t\t\t\t\t\t<div class=\"elementor-container elementor-column-gap-default\">\n\t\t\t\t\t<div class=\"elementor-column elementor-col-100 elementor-top-column elementor-element elementor-element-783fc27\" data-id=\"783fc27\" data-element_type=\"column\">\n\t\t\t<div class=\"elementor-widget-wrap elementor-element-populated\">\n\t\t\t\t\t\t<div class=\"elementor-element elementor-element-b0af9df elementor-widget elementor-widget-heading\" data-id=\"b0af9df\" data-element_type=\"widget\" data-widget_type=\"heading.default\">\n\t\t\t\t<div class=\"elementor-widget-container\">\n\t\t\t\t\t<h2 class=\"elementor-heading-title elementor-size-default\">Su historia<\/h2>\t\t\t\t<\/div>\n\t\t\t\t<\/div>\n\t\t\t\t<div class=\"elementor-element elementor-element-6da5f74 elementor-widget elementor-widget-text-editor\" data-id=\"6da5f74\" data-element_type=\"widget\" data-widget_type=\"text-editor.default\">\n\t\t\t\t<div class=\"elementor-widget-container\">\n\t\t\t\t\t\t\t\t\t<div class=\"siteorigin-widget-tinymce textwidget\"><p>La Tuna de Medicina de Murcia fue fundada en el a\u00f1o 1969, por un grupo de estudiantes de medicina en el mismo a\u00f1o de la creaci\u00f3n de la Facultad de Medicina con la ilusi\u00f3n de formar una tuna que perdurase en el tiempo, con el apadrinamiento y la ayuda musical de la Tuna de Ingenieros de Minas de Cartagena.<\/p><p>Las diferentes generaciones de nuestra tuna han ido dando forma, sabor, m\u00fasica, bohemia y tradici\u00f3n a las generaciones posteriores para que actualmente, muchos a\u00f1os despu\u00e9s, obtengamos el fruto de los buenos brandys envejecidos en barricas de roble, una solera que cumple nada m\u00e1s y nada menos que 50 a\u00f1os de buen tunar.<\/p><p>La nuestra es una tuna de tabernas, balcones, peque\u00f1as calles iluminadas por la luna y de pasi\u00f3n por pertir y compartir con todo el que se acerca a escucharnos. Una tuna viajera que nos ha llevado a conocer y dar lo mejor de nosotros en los m\u00e1s persos lugares del mundo<\/p><p>Somos organizadores, junto a la Asociaci\u00f3n Cultural \u201cCertamen Internacional de Tunas Costa C\u00e1lida\u201d, del Certamen Internacional de Tunas \u00abCosta C\u00e1lida\u00bb de Murcia, que en sus treinta y tres a\u00f1os de historia se ha consolidado como el m\u00e1s importante y atractivo de los que se celebran anualmente en Espa\u00f1a, en el marco de nuestras Fiestas de Primavera, y que est\u00e1 declarado de Inter\u00e9s Tur\u00edstico Regional desde 1997. Tambi\u00e9n alegramos y entretenemos a todo aquel que se acerca al \u00abhuerto\u00bb que anualmente instalamos en los Jardines del Malec\u00f3n en la Feria de Septiembre.<\/p><p>Han sido madrinas de la Tuna personalidades como las conocidas murcianas Mar\u00eda Jos\u00e9 Besora, Mari Trini, B\u00e1rbara Rey, Encarna Talavera, Eva Abril, el equipo de v\u00f3ley femenino Murcia 2002; la periodista Nieves Herrero, las cantantes Roc\u00edo Durcal y Roc\u00edo Jurado; Teresa Rabal, las modelos Vania Mill\u00e1n Remedios Cervantes y la presentadora de televisi\u00f3n Anne Igartiburu.<\/p><p>Son miembros honorarios de la Tuna de Medicina de Murcia los componentes del famoso e internacional tr\u00edo de boleros \u00abLos Panchos\u00bb .<\/p><p>La Tuna de Medicina de Murcia cuenta con 10 CDs en su discograf\u00eda y siendo el \u00faltimo grabado para conmemorar su 50 aniversario.<\/p><\/div>\t\t\t\t\t\t\t\t<\/div>\n\t\t\t\t<\/div>\n\t\t\t\t\t<\/div>\n\t\t<\/div>\n\t\t\t\t\t<\/div>\n\t\t<\/section>\n\t\t\t\t<section class=\"elementor-section elementor-top-section elementor-element elementor-element-5e31462 elementor-section-full_width elementor-section-stretched elementor-section-height-default elementor-section-height-default\" data-id=\"5e31462\" data-element_type=\"section\" data-settings=\"{&quot;background_background&quot;:&quot;classic&quot;,&quot;stretch_section&quot;:&quot;section-stretched&quot;}\">\n\t\t\t\t\t\t\t<div class=\"elementor-background-overlay\"><\/div>\n\t\t\t\t\t\t\t<div class=\"elementor-container elementor-column-gap-default\">\n\t\t\t\t\t<div class=\"elementor-column elementor-col-100 elementor-top-column elementor-element elementor-element-9e21c5c\" data-id=\"9e21c5c\" data-element_type=\"column\">\n\t\t\t<div class=\"elementor-widget-wrap elementor-element-populated\">\n\t\t\t\t\t\t<div class=\"elementor-element elementor-element-cfcd421 elementor-widget elementor-widget-heading\" data-id=\"cfcd421\" data-element_type=\"widget\" data-widget_type=\"heading.default\">\n\t\t\t\t<div class=\"elementor-widget-container\">\n\t\t\t\t\t<h2 class=\"elementor-heading-title elementor-size-xl\">Microhistoria<\/h2>\t\t\t\t<\/div>\n\t\t\t\t<\/div>\n\t\t\t\t<div class=\"elementor-element elementor-element-d867651 elementor-widget elementor-widget-testimonial\" data-id=\"d867651\" data-element_type=\"widget\" data-widget_type=\"testimonial.default\">\n\t\t\t\t<div class=\"elementor-widget-container\">\n\t\t\t\t\t\t\t<div class=\"elementor-testimonial-wrapper\">\n\t\t\t\t\t\t\t<div class=\"elementor-testimonial-content\">\u00a1\u00a1Murcias gracias!!<span style=\"font-size: 1.3em\"><\/span><p><span style=\"font-size: 1.3em\"><\/span><\/p><\/div>\n\t\t\t\n\t\t\t\t\t\t<div class=\"elementor-testimonial-meta elementor-has-image elementor-testimonial-image-position-top\">\n\t\t\t\t<div class=\"elementor-testimonial-meta-inner\">\n\t\t\t\t\t\t\t\t\t\t\t<div class=\"elementor-testimonial-image\">\n\t\t\t\t\t\t\t<img decoding=\"async\" width=\"105\" height=\"106\" src=\"https:\/\/tunadeperitos.com\/wp-content\/uploads\/2024\/08\/Pantuflo.png\" class=\"attachment-full size-full wp-image-1150\" alt=\"\" \/>\t\t\t\t\t\t<\/div>\n\t\t\t\t\t\n\t\t\t\t\t\t\t\t\t\t<div class=\"elementor-testimonial-details\">\n\t\t\t\t\t\t\t\t\t\t\t\t\t\t<div class=\"elementor-testimonial-name\">Pantuflo<\/div>\n\t\t\t\t\t\t\t\t\t\t\t\t\t\t\t\t\t\t\t\t\t\t<div class=\"elementor-testimonial-job\">Guitarra<\/div>\n\t\t\t\t\t\t\t\t\t\t\t\t\t<\/div>\n\t\t\t\t\t\t\t\t\t<\/div>\n\t\t\t<\/div>\n\t\t\t\t\t<\/div>\n\t\t\t\t\t\t<\/div>\n\t\t\t\t<\/div>\n\t\t\t\t\t<\/div>\n\t\t<\/div>\n\t\t\t\t\t<\/div>\n\t\t<\/section>\n\t\t\t\t<\/div>\n\t\t","protected":false},"excerpt":{"rendered":"<p>mas que vecinos tuna de medicina de Murcia Compartiendo momentos desde 1996 M\u00e1s que vecinos, amigos. Historia de una hermandad (Por Samy) La uni\u00f3n entre tunas, la amistad y cordialidad entre tunos, aun siendo desconocidos, no es nuevo. No en vano, una de las \u201cmagias\u201d que tienen los tunos es que all\u00e1 donde fueres, si [&hellip;]<\/p>\n","protected":false},"author":2,"featured_media":994,"parent":0,"menu_order":0,"comment_status":"closed","ping_status":"closed","template":"elementor_header_footer","meta":{"ocean_post_layout":"","ocean_both_sidebars_style":"","ocean_both_sidebars_content_width":0,"ocean_both_sidebars_sidebars_width":0,"ocean_sidebar":"0","ocean_second_sidebar":"0","ocean_disable_margins":"enable","ocean_add_body_class":"","ocean_shortcode_before_top_bar":"","ocean_shortcode_after_top_bar":"","ocean_shortcode_before_header":"","ocean_shortcode_after_header":"","ocean_has_shortcode":"","ocean_shortcode_after_title":"","ocean_shortcode_before_footer_widgets":"","ocean_shortcode_after_footer_widgets":"","ocean_shortcode_before_footer_bottom":"","ocean_shortcode_after_footer_bottom":"","ocean_display_top_bar":"on","ocean_display_header":"on","ocean_header_style":"","ocean_center_header_left_menu":"0","ocean_custom_header_template":"0","ocean_custom_logo":0,"ocean_custom_retina_logo":0,"ocean_custom_logo_max_width":0,"ocean_custom_logo_tablet_max_width":0,"ocean_custom_logo_mobile_max_width":0,"ocean_custom_logo_max_height":0,"ocean_custom_logo_tablet_max_height":0,"ocean_custom_logo_mobile_max_height":0,"ocean_header_custom_menu":"0","ocean_menu_typo_font_family":"0","ocean_menu_typo_font_subset":"","ocean_menu_typo_font_size":0,"ocean_menu_typo_font_size_tablet":0,"ocean_menu_typo_font_size_mobile":0,"ocean_menu_typo_font_size_unit":"px","ocean_menu_typo_font_weight":"","ocean_menu_typo_font_weight_tablet":"","ocean_menu_typo_font_weight_mobile":"","ocean_menu_typo_transform":"","ocean_menu_typo_transform_tablet":"","ocean_menu_typo_transform_mobile":"","ocean_menu_typo_line_height":0,"ocean_menu_typo_line_height_tablet":0,"ocean_menu_typo_line_height_mobile":0,"ocean_menu_typo_line_height_unit":"","ocean_menu_typo_spacing":0,"ocean_menu_typo_spacing_tablet":0,"ocean_menu_typo_spacing_mobile":0,"ocean_menu_typo_spacing_unit":"","ocean_menu_link_color":"","ocean_menu_link_color_hover":"","ocean_menu_link_color_active":"","ocean_menu_link_background":"","ocean_menu_link_hover_background":"","ocean_menu_link_active_background":"","ocean_menu_social_links_bg":"","ocean_menu_social_hover_links_bg":"","ocean_menu_social_links_color":"","ocean_menu_social_hover_links_color":"","ocean_disable_title":"on","ocean_disable_heading":"default","ocean_post_title":"","ocean_post_subheading":"","ocean_post_title_style":"","ocean_post_title_background_color":"","ocean_post_title_background":0,"ocean_post_title_bg_image_position":"","ocean_post_title_bg_image_attachment":"","ocean_post_title_bg_image_repeat":"","ocean_post_title_bg_image_size":"","ocean_post_title_height":0,"ocean_post_title_bg_overlay":0.5,"ocean_post_title_bg_overlay_color":"","ocean_disable_breadcrumbs":"default","ocean_breadcrumbs_color":"","ocean_breadcrumbs_separator_color":"","ocean_breadcrumbs_links_color":"","ocean_breadcrumbs_links_hover_color":"","ocean_display_footer_widgets":"default","ocean_display_footer_bottom":"default","ocean_custom_footer_template":"0","footnotes":""},"class_list":["post-992","page","type-page","status-publish","has-post-thumbnail","hentry","entry","has-media"],"_links":{"self":[{"href":"https:\/\/tunadeperitos.com\/index.php\/wp-json\/wp\/v2\/pages\/992","targetHints":{"allow":["GET"]}}],"collection":[{"href":"https:\/\/tunadeperitos.com\/index.php\/wp-json\/wp\/v2\/pages"}],"about":[{"href":"https:\/\/tunadeperitos.com\/index.php\/wp-json\/wp\/v2\/types\/page"}],"author":[{"embeddable":true,"href":"https:\/\/tunadeperitos.com\/index.php\/wp-json\/wp\/v2\/users\/2"}],"replies":[{"embeddable":true,"href":"https:\/\/tunadeperitos.com\/index.php\/wp-json\/wp\/v2\/comments?post=992"}],"version-history":[{"count":3,"href":"https:\/\/tunadeperitos.com\/index.php\/wp-json\/wp\/v2\/pages\/992\/revisions"}],"predecessor-version":[{"id":1870,"href":"https:\/\/tunadeperitos.com\/index.php\/wp-json\/wp\/v2\/pages\/992\/revisions\/1870"}],"wp:featuredmedia":[{"embeddable":true,"href":"https:\/\/tunadeperitos.com\/index.php\/wp-json\/"}],"wp:attachment":[{"href":"https:\/\/tunadeperitos.com\/index.php\/wp-json\/wp\/v2\/media?parent=992"}],"curies":[{"name":"wp","href":"https:\/\/api.w.org\/{rel}","templated":true}]}}